{"id":16418,"date":"2023-04-18T17:32:48","date_gmt":"2023-04-18T10:32:48","guid":{"rendered":"http:\/\/nafiqad4.monamedia.net\/dieu-khoan-copy\/"},"modified":"2023-04-18T17:38:18","modified_gmt":"2023-04-18T10:38:18","slug":"quy-dinh-va-dieu-kien","status":"publish","type":"page","link":"https:\/\/nafi4.vn\/en\/quy-dinh-va-dieu-kien\/","title":{"rendered":"Quy \u0111\u1ecbnh v\u00e0 \u0111i\u1ec1u ki\u1ec7n"},"content":{"rendered":"<p><strong>I. Quy \u0111\u1ecbnh chung<\/strong><\/p>\n<p>1. Khi l\u1eadp v\u00e0 g\u1eedi Phi\u1ebfu y\u00eau c\u1ea7u th\u1eed nghi\u1ec7m \u0111\u1ebfn Trung t\u00e2m ch\u1ea5t l\u01b0\u1ee3ng n\u00f4ng l\u00e2m th\u1ee7y s\u1ea3n v\u00f9ng 4, Kh\u00e1ch h\u00e0ng xem nh\u01b0 \u0111\u00e3 \u0111\u1ecdc v\u00e0 ch\u1ea5p nh\u1eadn c\u00e1c quy \u0111\u1ecbnh chung v\u1ec1 y\u00eau c\u1ea7u th\u1eed nghi\u1ec7m c\u1ee7a NAFIQAD 4 \u0111\u01b0\u1ee3c quy \u0111\u1ecbnh trong v\u0103n b\u1ea3n n\u00e0y, tr\u1eeb khi c\u00f3 c\u00e1c th\u1ecfa thu\u1eadn kh\u00e1c b\u1eb1ng v\u0103n b\u1ea3n gi\u1eefa hai b\u00ean.<br \/>\n2. Phi\u1ebfu y\u00eau c\u1ea7u th\u1eed nghi\u1ec7m \u0111\u01b0\u1ee3c xem nh\u01b0 ch\u1ee9ng t\u1eeb \u0111\u1ec3 Kh\u00e1ch h\u00e0ng nh\u1eadn m\u1eabu l\u01b0u (n\u1ebfu c\u00f3) v\u00e0 Phi\u1ebfu tr\u1ea3 k\u1ebft qu\u1ea3 th\u1eed nghi\u1ec7m, kh\u00e1ch h\u00e0ng vui l\u00f2ng mang theo gi\u1ea5y n\u00e0y khi \u0111\u1ebfn nh\u1eadn m\u1eabu l\u01b0u (n\u1ebfu c\u00f3) v\u00e0 phi\u1ebfu tr\u1ea3 k\u1ebft qu\u1ea3 th\u1eed nghi\u1ec7m.<br \/>\n3. NAFIQAD 4 kh\u00f4ng ch\u1ecbu tr\u00e1ch nhi\u1ec7m v\u1ec1 c\u00e1c th\u00f4ng tin li\u00ean quan t\u1edbi m\u1eabu, k\u00fd hi\u1ec7u ngu\u1ed3n g\u1ed1c m\u1eabu, t\u00ean kh\u00e1ch h\u00e0ng, c\u00e1c ch\u1ec9 ti\u00eau y\u00eau c\u1ea7u th\u1eed nghi\u1ec7m,\u2026do kh\u00e1ch h\u00e0ng cung c\u1ea5p. \u0110\u1ec1 ngh\u1ecb Kh\u00e1ch h\u00e0ng khi y\u00eau c\u1ea7u th\u1eed nghi\u1ec7m l\u01b0u \u00fd nh\u1eefng n\u1ed9i dung c\u00f3 tr\u00ean phi\u1ebfu y\u00eau c\u1ea7u th\u1eed nghi\u1ec7m nh\u01b0 sau:<br \/>\n(1) Kh\u00e1ch h\u00e0ng ghi \u0111\u00fang, r\u00f5 r\u00e0ng v\u00e0 \u0111\u1ea7y \u0111\u1ee7 th\u00f4ng tin kh\u00e1ch h\u00e0ng, \u0111\u1ecba ch\u1ec9, m\u00e3 s\u1ed1 thu\u1ebf, t\u00ean m\u1eabu (k\u00fd hi\u1ec7u, t\u00ean n\u01b0\u1edbc ngo\u00e0i (n\u1ebfu c\u00f3),\u2026), ch\u1ec9 ti\u00eau ki\u1ec3m \u0111\u1ec3 thu\u1eadn ti\u1ec7n cho vi\u1ec7c ph\u00e1t h\u00e0nh k\u1ebft qu\u1ea3, h\u00f3a \u0111\u01a1n. Kh\u00e1ch h\u00e0ng c\u00f3 th\u1ec3 \u0111\u00ednh k\u00e8m th\u00eam th\u00f4ng tin v\u1ec1 m\u1eabu c\u00f9ng phi\u1ebfu y\u00eau c\u1ea7u th\u1eed nghi\u1ec7m. M\u1ecdi thay \u0111\u1ed5i, b\u1ed5 sung phi\u1ebfu y\u00eau c\u1ea7u th\u1eed nghi\u1ec7m \u0111\u1ec1u ph\u1ea3i \u0111\u01b0\u1ee3c 2 b\u00ean xem x\u00e9t v\u00e0 \u0111\u1ed3ng \u00fd k\u1ec3 c\u1ea3 chi ph\u00ed cho s\u1ef1 thay \u0111\u1ed5i b\u1ed5 sung.<br \/>\n(2) Khi ph\u01b0\u01a1ng ph\u00e1p kh\u00e1ch h\u00e0ng y\u00eau c\u1ea7u \u0111\u01b0\u1ee3c coi l\u00e0 kh\u00f4ng ph\u00f9 h\u1ee3p v\u1edbi n\u0103ng l\u1ef1c ph\u00e2n t\u00edch ho\u1eb7c \u0111\u00e3 l\u1ed7i th\u1eddi th\u00ec NAFIQAD 4 s\u1ebd th\u00f4ng b\u00e1o cho kh\u00e1ch h\u00e0ng bi\u1ebft tr\u01b0\u1edbc khi nh\u1eadn m\u1eabu. Tr\u01b0\u1eddng h\u1ee3p kh\u00e1ch h\u00e0ng kh\u00f4ng y\u00eau c\u1ea7u v\u1ec1 ch\u1ec9 ti\u00eau\/ph\u01b0\u01a1ng ph\u00e1p ki\u1ec3m tra c\u1ee5 th\u1ec3, Kh\u00e1ch h\u00e0ng xem nh\u01b0 \u0111\u1ed3ng \u00fd \u1ee7y quy\u1ec1n cho NAFIQAD 4 ch\u1ecdn l\u1ef1a ph\u01b0\u01a1ng ph\u00e1p th\u1eed ph\u00f9 h\u1ee3p. NAFIQAD 4 s\u1ebd l\u1ef1a ch\u1ecdn c\u00e1c ph\u01b0\u01a1ng ph\u00e1p ph\u00f9 h\u1ee3p v\u1edbi n\u0103ng l\u1ef1c ph\u00e2n t\u00edch v\u00e0 \u01b0u ti\u00ean l\u1ef1a ch\u1ecdn c\u00e1c ph\u01b0\u01a1ng ph\u00e1p theo ti\u00eau chu\u1ea9n (ISO, AOAC, TCVN\u2026), ph\u01b0\u01a1ng ph\u00e1p n\u1ed9i b\u1ed9 \u0111\u00e3 \u0111\u01b0\u1ee3c c\u00f4ng nh\u1eadn, ch\u1ec9 \u0111\u1ecbnh. Ph\u01b0\u01a1ng ph\u00e1p th\u1eed nghi\u1ec7m \u00e1p d\u1ee5ng s\u1ebd \u0111\u01b0\u1ee3c th\u1ec3 hi\u1ec7n tr\u00ean phi\u1ebfu tr\u1ea3 k\u1ebft qu\u1ea3.<br \/>\n(3) K\u1ebft qu\u1ea3 n\u00e0y kh\u00f4ng \u0111\u01b0\u1ee3c sao ch\u00e9p t\u1eebng ph\u1ea7n, ngo\u1ea1i tr\u1eeb to\u00e0n b\u1ed9, n\u1ebfu kh\u00f4ng \u0111\u01b0\u1ee3c s\u1ef1 \u0111\u1ed3ng \u00fd c\u1ee7a NAFIQAD 4<br \/>\n4. C\u00e1c ch\u1ec9 ti\u00eau c\u1ea7n th\u1ef1c hi\u1ec7n b\u1edfi nh\u00e0 th\u1ea7u ph\u1ee5 c\u1ee7a NAFIQAD 4 s\u1ebd \u0111\u01b0\u1ee3c th\u00f4ng b\u00e1o t\u1edbi kh\u00e1ch h\u00e0ng tr\u01b0\u1edbc khi \u00e1p d\u1ee5ng.<br \/>\n5. Ng\u00e0y tr\u1ea3 k\u1ebft qu\u1ea3 c\u0103n c\u1ee9 tr\u00ean th\u00f4ng b\u00e1o danh m\u1ee5c v\u00e0 th\u1eddi gian ph\u00e2n t\u00edch c\u1ee7a c\u00e1c ph\u00f2ng ki\u1ec3m nghi\u1ec7m.<br \/>\n6. Tr\u01b0\u1eddng h\u1ee3p kh\u00e1ch h\u00e0ng y\u00eau c\u1ea7u nh\u1eadn l\u1ea1i m\u1eabu sau khi th\u1eed nghi\u1ec7m, vui l\u00f2ng nh\u1eadn l\u1ea1i m\u1eabu khi nh\u1eadn Phi\u1ebfu tr\u1ea3 k\u1ebft qu\u1ea3 th\u1eed nghi\u1ec7m. Trong tr\u01b0\u1eddng h\u1ee3p qu\u00e1 7 ng\u00e0y t\u1eeb ng\u00e0y tr\u1ea3 phi\u1ebfu k\u1ebft qu\u1ea3 kh\u00e1ch h\u00e0ng ch\u01b0a nh\u1eadn l\u1ea1i m\u1eabu, NAFIQAD 4 s\u1ebd th\u1ef1c hi\u1ec7n h\u1ee7y m\u1eabu theo quy \u0111\u1ecbnh t\u1ea1i NAFIQAD 4.<br \/>\n7. T\u1ea5t c\u1ea3 c\u00e1c y\u00eau c\u1ea7u th\u1eed nghi\u1ec7m t\u1eeb kh\u00e1ch h\u00e0ng ph\u1ea3i \u0111\u01b0\u1ee3c NAFIQAD 4 ch\u1ea5p nh\u1eadn. NAFIQAD 4 c\u00f3 quy\u1ec1n t\u1eeb ch\u1ed1i y\u00eau c\u1ea7u th\u1eed nghi\u1ec7m khi kh\u00e1ch h\u00e0ng kh\u00f4ng cung c\u1ea5p \u0111\u1ee7 th\u00f4ng tin, th\u00f4ng tin kh\u00f4ng x\u00e1c th\u1ef1c v\u1ec1 m\u1eabu g\u1eedi, m\u1eabu kh\u00f4ng \u0111\u00e1p \u1ee9ng y\u00eau c\u1ea7u th\u1eed nghi\u1ec7m ho\u1eb7c c\u00e1c v\u1ea5n \u0111\u1ec1 vi ph\u1ea1m ph\u00e1p lu\u1eadt.<br \/>\n8. M\u1ecdi thay \u0111\u1ed5i trong y\u00eau c\u1ea7u th\u1eed nghi\u1ec7m, hai b\u00ean s\u1ebd th\u00f4ng b\u00e1o cho nhau v\u00e0 b\u00e0n b\u1ea1c \u0111\u1ed3ng \u00fd gi\u1ea3i quy\u1ebft thay \u0111\u1ed5i.<\/p>\n<p><strong>II. Cam k\u1ebft kh\u00e1ch h\u00e0ng<\/strong><\/p>\n<p>1. Kh\u00e1ch h\u00e0ng thanh to\u00e1n chi ph\u00ed tr\u01b0\u1edbc khi nh\u1eadn K\u1ebft qu\u1ea3, tr\u1eeb tr\u01b0\u1eddng h\u1ee3p Kh\u00e1ch h\u00e0ng c\u00f3 nh\u1eefng th\u1ecfa thu\u1eadn v\u1edbi NAFIQAD 4 v\u1ec1 c\u00e1ch th\u1ee9c thanh to\u00e1n b\u1eb1ng v\u0103n b\u1ea3n kh\u00e1c.<br \/>\n2. Kh\u00e1ch h\u00e0ng c\u00f3 quy\u1ec1n ph\u1ea3n \u00e1nh\/khi\u1ebfu n\u1ea1i v\u1ec1 k\u1ebft qu\u1ea3 th\u1eed nghi\u1ec7m \u0111\u00e3 nh\u1eadn, NAFIQAD 4 c\u00f3 tr\u00e1ch nhi\u1ec7m gi\u1ea3i quy\u1ebft k\u1ecbp th\u1eddi khi nh\u1eadn \u0111\u01b0\u1ee3c khi\u1ebfu n\u1ea1i t\u1eeb kh\u00e1ch h\u00e0ng v\u00e0 trao \u0111\u1ed5i c\u00e1ch th\u1ee9c gi\u1ea3i quy\u1ebft tr\u00ean tinh th\u1ea7n h\u1ee3p t\u00e1c, t\u00f4n tr\u1ecdng l\u1eabn nhau d\u1ef1a tr\u00ean c\u01a1 s\u1edf c\u00e1c b\u1eb1ng ch\u1ee9ng tin c\u1eady v\u1ec1 k\u1ef9 thu\u1eadt, ph\u01b0\u01a1ng ph\u00e1p th\u1eed li\u00ean quan t\u1edbi m\u1eabu g\u1eedi.<br \/>\n3. Kh\u00e1ch h\u00e0ng c\u00f3 quy\u1ec1n thay \u0111\u1ed5i ho\u1eb7c h\u1ee7y y\u00eau c\u1ea7u th\u1eed nghi\u1ec7m b\u1eb1ng c\u00e1ch g\u1eedi th\u00f4ng tin ch\u00ednh th\u1ee9c v\u1ec1 vi\u1ec7c thay \u0111\u1ed5i, h\u1ee7y y\u00eau c\u1ea7u th\u1eed nghi\u1ec7m b\u1eb1ng v\u0103n b\u1ea3n\/email \u0111\u1ebfn NAFIQAD 4 trong th\u1eddi gian h\u1ee3p l\u00fd. Kh\u00e1ch h\u00e0ng c\u00f3 tr\u00e1ch nhi\u1ec7m thanh to\u00e1n chi ph\u00ed theo kh\u1ed1i l\u01b0\u1ee3ng c\u00f4ng vi\u1ec7c \u0111\u00e3 th\u1ef1c hi\u1ec7n tr\u00ean m\u1eabu t\u1edbi th\u1eddi \u0111i\u1ec3m NAFIQAD 4 nh\u1eadn \u0111\u01b0\u1ee3c th\u00f4ng b\u00e1o.<\/p>\n<p><strong>III. Cam k\u1ebft c\u1ee7a Nafiqad 4<\/strong><\/p>\n<p>1. NAFIQAD 4 cam k\u1ebft b\u1ea3o m\u1eadt th\u00f4ng tin kh\u00e1ch h\u00e0ng, kh\u00f4ng cung c\u1ea5p th\u00f4ng tin kh\u00e1ch h\u00e0ng cho b\u00ean th\u1ee9 ba n\u1ebfu kh\u00f4ng c\u00f3 s\u1ef1 \u0111\u1ed3ng \u00fd b\u1eb1ng v\u0103n b\u1ea3n c\u1ee7a kh\u00e1ch h\u00e0ng. Tr\u1eeb nh\u1eefng tr\u01b0\u1eddng h\u1ee3p th\u00f4ng tin c\u1ee7a kh\u00e1ch h\u00e0ng \u0111\u01b0\u1ee3c cung c\u1ea5p cho b\u00ean th\u1ee9 ba theo quy \u0111\u1ecbnh c\u1ee7a ph\u00e1p lu\u1eadt, khi \u0111\u00f3 kh\u00e1ch h\u00e0ng s\u1ebd \u0111\u01b0\u1ee3c th\u00f4ng b\u00e1o v\u1ec1 nh\u1eefng th\u00f4ng tin \u0111\u00e3 \u0111\u01b0\u1ee3c cung c\u1ea5p theo y\u00eau c\u1ea7u c\u1ee7a ph\u00e1p lu\u1eadt, tr\u1eeb tr\u01b0\u1eddng h\u1ee3p ph\u00e1p lu\u1eadt ng\u0103n c\u1ea5m.<br \/>\n2. NAFIQAD 4 cam k\u1ebft th\u1ef1c hi\u1ec7n \u0111\u00fang n\u1ed9i dung \u0111\u00e3 th\u1ecfa thu\u1eadn v\u1edbi Kh\u00e1ch h\u00e0ng d\u1ef1a tr\u00ean ki\u1ebfn th\u1ee9c, n\u0103ng l\u1ef1c k\u1ef9 thu\u1eadt hi\u1ec7n c\u00f3 \u0111\u1ec3 cung c\u1ea5p d\u1ecbch v\u1ee5 t\u1ed1t nh\u1ea5t t\u1edbi Kh\u00e1ch h\u00e0ng v\u1edbi \u0111\u1ea7y \u0111\u1ee7 tr\u00e1ch nhi\u1ec7m c\u1ee7a m\u00ecnh theo \u0111\u00fang c\u00e1c quy \u0111\u1ecbnh hi\u1ec7n h\u00e0nh.<\/p>\n","protected":false},"excerpt":{"rendered":"<p>I. Quy \u0111\u1ecbnh chung 1. Khi l\u1eadp v\u00e0 g\u1eedi Phi\u1ebfu y\u00eau c\u1ea7u th\u1eed nghi\u1ec7m \u0111\u1ebfn Trung t\u00e2m ch\u1ea5t l\u01b0\u1ee3ng n\u00f4ng l\u00e2m th\u1ee7y s\u1ea3n v\u00f9ng 4, Kh\u00e1ch h\u00e0ng xem nh\u01b0 \u0111\u00e3 \u0111\u1ecdc v\u00e0 ch\u1ea5p nh\u1eadn c\u00e1c quy \u0111\u1ecbnh chung v\u1ec1 y\u00eau c\u1ea7u th\u1eed nghi\u1ec7m c\u1ee7a NAFIQAD 4 \u0111\u01b0\u1ee3c quy \u0111\u1ecbnh trong v\u0103n b\u1ea3n n\u00e0y, tr\u1eeb khi [&hellip;]<\/p>\n","protected":false},"author":1,"featured_media":0,"parent":0,"menu_order":0,"comment_status":"closed","ping_status":"closed","template":"page-template\/dieukhoan-template.php","meta":{"inline_featured_image":false,"footnotes":""},"class_list":["post-16418","page","type-page","status-publish","hentry"],"acf":[],"_links":{"self":[{"href":"https:\/\/nafi4.vn\/en\/wp-json\/wp\/v2\/pages\/16418","targetHints":{"allow":["GET"]}}],"collection":[{"href":"https:\/\/nafi4.vn\/en\/wp-json\/wp\/v2\/pages"}],"about":[{"href":"https:\/\/nafi4.vn\/en\/wp-json\/wp\/v2\/types\/page"}],"author":[{"embeddable":true,"href":"https:\/\/nafi4.vn\/en\/wp-json\/wp\/v2\/users\/1"}],"replies":[{"embeddable":true,"href":"https:\/\/nafi4.vn\/en\/wp-json\/wp\/v2\/comments?post=16418"}],"version-history":[{"count":4,"href":"https:\/\/nafi4.vn\/en\/wp-json\/wp\/v2\/pages\/16418\/revisions"}],"predecessor-version":[{"id":16422,"href":"https:\/\/nafi4.vn\/en\/wp-json\/wp\/v2\/pages\/16418\/revisions\/16422"}],"wp:attachment":[{"href":"https:\/\/nafi4.vn\/en\/wp-json\/wp\/v2\/media?parent=16418"}],"curies":[{"name":"wp","href":"https:\/\/api.w.org\/{rel}","templated":true}]}}